{"id":377,"date":"2018-01-31T13:32:00","date_gmt":"2018-01-31T12:32:00","guid":{"rendered":"http:\/\/chinesische-medizin-koeln.de\/blog\/?page_id=377"},"modified":"2022-09-26T17:58:39","modified_gmt":"2022-09-26T15:58:39","slug":"visionen-und-ziele","status":"publish","type":"page","link":"https:\/\/chinesische-medizin-koeln.de\/Gesundheitstipps\/visionen-und-ziele\/","title":{"rendered":"Visionen und Ziele"},"content":{"rendered":"<p>Warum schreibe ich diesen Blog?<\/p>\n<p>Es gibt daf\u00fcr 2 Gr\u00fcnde:<\/p>\n<p>1- Nach meiner Erfahrung als \u00c4rztin und als Mensch k\u00f6nnte das Leben mancher Menschen ges\u00fcnder, angenehmer, stressfreier und gl\u00fccklicher verlaufen, wenn einfache Ma\u00dfnahmen ergriffen w\u00fcrden. Gerade um diese Tipps f\u00fcr ein ges\u00fcnderes und damit wahrscheinlich besseres Leben soll es in meinem Blog gehen.<br \/>\nIm alten China wurden die \u00c4rzte bezahlt, wenn der Patient gesund blieb. Dieser Ansatz f\u00fchrte zu vielen vorbeugenden Methoden. Als \u00c4rztin mit dem Schwerpunkt \u201eChinesische Medizin\u201c sehe ich mich in dieser Tradition einer vorbeugenden Medizin.<\/p>\n<p>2- Mein Ziel ist es, die chinesische Medizin bekannter zu machen. In der chinesischen Medizin liegen viele Chancen und M\u00f6glichkeiten, die leider in unserer westlichen Schulmedizin noch zu wenig Beachtung finden.<br \/>\nMeine Vision ist es, dass es eines Tages den Facharzt f\u00fcr chinesische Medizin gibt. Mit der Einf\u00fchrung des Facharztes k\u00f6nnte diese Medizin auch den kassen\u00e4rztlichen Patienten zur Verf\u00fcgung stehen und k\u00e4me raus aus dem Schattendasein der Privat- und Selbstzahlermedizin.&nbsp;Praxen und Abteilungen f\u00fcr chinesische Medizin in Krankenh\u00e4usern k\u00f6nnten einen wesentlichen Beitrag zur Gesunderhaltung und Genesung der Patienten leisten. China hat unsere westliche Schulmedizin \u00fcbernommen und beide Richtungen leisten Seite an Seite einen wertvollen Beitrag zum Wohle der Patienten.&nbsp;Das k\u00f6nnte uns ein Vorbild sein.<\/p>\n<p>Weitere Informationen finden Sie auf meiner <a title=\"Praxisseite > Mein Weg&#8220; href=&#8220;http:\/\/chinesische-medizin-koeln.de\/mein-weg-chinesische-medizin.html&#8220; target=&#8220;_blank&#8220; rel=&#8220;noopener&#8220;>Praxisseite<\/a>.<\/p>\n","protected":false},"excerpt":{"rendered":"<p>Warum schreibe ich diesen Blog? Es gibt daf\u00fcr 2 Gr\u00fcnde: 1- Nach meiner Erfahrung als \u00c4rztin und als Mensch k\u00f6nnte das Leben mancher Menschen ges\u00fcnder, angenehmer, stressfreier und gl\u00fccklicher verlaufen, wenn einfache Ma\u00dfnahmen ergriffen w\u00fcrden. Gerade um diese Tipps f\u00fcr ein ges\u00fcnderes und damit wahrscheinlich besseres Leben soll es in meinem Blog gehen. Im alten [&hellip;]<\/p>\n","protected":false},"author":3,"featured_media":0,"parent":0,"menu_order":0,"comment_status":"closed","ping_status":"closed","template":"","meta":[],"page_tag":[],"aioseo_notices":[],"_links":{"self":[{"href":"https:\/\/chinesische-medizin-koeln.de\/Gesundheitstipps\/wp-json\/wp\/v2\/pages\/377"}],"collection":[{"href":"https:\/\/chinesische-medizin-koeln.de\/Gesundheitstipps\/wp-json\/wp\/v2\/pages"}],"about":[{"href":"https:\/\/chinesische-medizin-koeln.de\/Gesundheitstipps\/wp-json\/wp\/v2\/types\/page"}],"author":[{"embeddable":true,"href":"https:\/\/chinesische-medizin-koeln.de\/Gesundheitstipps\/wp-json\/wp\/v2\/users\/3"}],"replies":[{"embeddable":true,"href":"https:\/\/chinesische-medizin-koeln.de\/Gesundheitstipps\/wp-json\/wp\/v2\/comments?post=377"}],"version-history":[{"count":4,"href":"https:\/\/chinesische-medizin-koeln.de\/Gesundheitstipps\/wp-json\/wp\/v2\/pages\/377\/revisions"}],"predecessor-version":[{"id":598,"href":"https:\/\/chinesische-medizin-koeln.de\/Gesundheitstipps\/wp-json\/wp\/v2\/pages\/377\/revisions\/598"}],"wp:attachment":[{"href":"https:\/\/chinesische-medizin-koeln.de\/Gesundheitstipps\/wp-json\/wp\/v2\/media?parent=377"}],"wp:term":[{"taxonomy":"page_tag","embeddable":true,"href":"https:\/\/chinesische-medizin-koeln.de\/Gesundheitstipps\/wp-json\/wp\/v2\/page_tag?post=377"}],"curies":[{"name":"wp","href":"https:\/\/api.w.org\/{rel}","templated":true}]}}