{"id":327,"date":"2018-01-24T19:17:29","date_gmt":"2018-01-24T18:17:29","guid":{"rendered":"http:\/\/chinesische-medizin-koeln.de\/blog\/?page_id=327"},"modified":"2022-09-26T17:56:33","modified_gmt":"2022-09-26T15:56:33","slug":"disclaimer","status":"publish","type":"page","link":"https:\/\/chinesische-medizin-koeln.de\/Gesundheitstipps\/disclaimer\/","title":{"rendered":"Disclaimer"},"content":{"rendered":"<h4>Haftung f\u00fcr Inhalte<\/h4>\n<p>Die Inhalte dieses Blogs werden von mir nach bestem Wissen und Gewissen erstellt. Ich kann keine Gew\u00e4hr f\u00fcr die Vollst\u00e4ndigkeit, Richtigkeit, Genauigkeit, Korrektheit, Qualit\u00e4t und Aktualit\u00e4t der bereitgestellten Informationen \u00fcbernehmen. Ich hafte aus diesem Grund nicht f\u00fcr Sch\u00e4den, die bei der Verwendung oder dem Missbrauch der dargebotenen Inhalte entstehen.<\/p>\n<p>Zum Teil schreibe ich aus meiner pers\u00f6nlichen Erfahrung und meine pers\u00f6nliche Meinung. Vielleicht ist diese auch mal anders als in den medizinischen Leitlinien oder in den Vorgaben der Fachgesellschaften.<\/p>\n<p><b>Bei Gesundheitsproblemen sollten Sie immer einen Arzt aufsuchen. Nur ihr Arzt kann im direkten Gespr\u00e4ch und mit einer Untersuchung eine Diagnose stellen und eine Therapie empfehlen.<\/b> Sie sollten keine eigenst\u00e4ndigen Behandlungen anfangen, \u00e4ndern oder ihre Behandlung absetzen. So sind meine Tipps nicht gedacht. <b>Sie sollten immer ihren Arzt oder Apotheker fragen.<\/b><\/p>\n<p><b>Die Tipps ersetzen auf keinen Fall den Arztbesuch.<\/b><\/p>\n<p>Ich werde keine medizinischen Beratungsfragen per mail beantworten, da dieses nicht zul\u00e4ssig ist.<\/p>\n<p>Meine Blogbeitr\u00e4ge repr\u00e4sentieren keinen Berufsverband.<\/p>\n<p>F\u00fcr Kommentare und Meinungs\u00e4u\u00dferungen auf diesem Blog sowie f\u00fcr Inhalte verlinkter Seiten haften ausschlie\u00dflich deren Betreiber und die Autoren selbst.<\/p>\n<p>Zur besseren Lesbarkeit verwende ich die m\u00e4nnliche Form, die weibliche Form ist , wo es sinnvoll ist, mit eingeschlossen.<\/p>\n<p>Als Diensteanbieter sind wir gem\u00e4\u00df \u00a7 7 Abs.1 TMG f\u00fcr eigene Inhalte auf diesen Seiten nach den allgemeinen Gesetzen verantwortlich. Nach \u00a7\u00a7 8 bis 10 TMG sind wir als Diensteanbieter jedoch nicht verpflichtet, \u00fcbermittelte oder gespeicherte fremde Informationen zu \u00fcberwachen oder nach Umst\u00e4nden zu forschen, die auf eine rechtswidrige T\u00e4tigkeit hinweisen.<\/p>\n<p>Verpflichtungen zur Entfernung oder Sperrung der Nutzung von Informationen nach den allgemeinen Gesetzen bleiben hiervon unber\u00fchrt. Eine diesbez\u00fcgliche Haftung ist jedoch erst ab dem Zeitpunkt der Kenntnis einer konkreten Rechtsverletzung m\u00f6glich. Bei Bekanntwerden von entsprechenden Rechtsverletzungen werden wir diese Inhalte umgehend entfernen.<\/p>\n<h4>Haftung f\u00fcr Links<\/h4>\n<p>Unser Angebot enth\u00e4lt Links zu externen Webseiten Dritter, auf deren Inhalte wir keinen Einfluss haben. Deshalb k\u00f6nnen wir f\u00fcr diese fremden Inhalte auch keine Gew\u00e4hr \u00fcbernehmen. F\u00fcr die Inhalte der verlinkten Seiten ist stets der jeweilige Anbieter oder Betreiber der Seiten verantwortlich. Die verlinkten Seiten wurden zum Zeitpunkt der Verlinkung auf m\u00f6gliche Rechtsverst\u00f6\u00dfe \u00fcberpr\u00fcft. Rechtswidrige Inhalte waren zum Zeitpunkt der Verlinkung nicht erkennbar.<\/p>\n<p>Eine permanente inhaltliche Kontrolle der verlinkten Seiten ist jedoch ohne konkrete Anhaltspunkte einer Rechtsverletzung nicht zumutbar. Bei Bekanntwerden von Rechtsverletzungen werden wir derartige Links umgehend entfernen.<\/p>\n<h4>Urheberrecht<\/h4>\n<p>Die durch die Seitenbetreiber erstellten Inhalte und Werke auf diesen Seiten unterliegen dem deutschen Urheberrecht. Die Vervielf\u00e4ltigung, Bearbeitung, Verbreitung und jede Art der Verwertung au\u00dferhalb der Grenzen des Urheberrechtes bed\u00fcrfen der schriftlichen Zustimmung des jeweiligen Autors bzw. Erstellers. Downloads und Kopien dieser Seite sind nur f\u00fcr den privaten, nicht kommerziellen Gebrauch gestattet.<\/p>\n<p>Soweit die Inhalte auf dieser Seite nicht vom Betreiber erstellt wurden, werden die Urheberrechte Dritter beachtet. Insbesondere werden Inhalte Dritter als solche gekennzeichnet. Sollten Sie trotzdem auf eine Urheberrechtsverletzung aufmerksam werden, bitten wir um einen entsprechenden Hinweis. Bei Bekanntwerden von Rechtsverletzungen werden wir derartige Inhalte umgehend entfernen.<\/p>\n","protected":false},"excerpt":{"rendered":"<p>Haftung f\u00fcr Inhalte Die Inhalte dieses Blogs werden von mir nach bestem Wissen und Gewissen erstellt. Ich kann keine Gew\u00e4hr f\u00fcr die Vollst\u00e4ndigkeit, Richtigkeit, Genauigkeit, Korrektheit, Qualit\u00e4t und Aktualit\u00e4t der bereitgestellten Informationen \u00fcbernehmen. Ich hafte aus diesem Grund nicht f\u00fcr Sch\u00e4den, die bei der Verwendung oder dem Missbrauch der dargebotenen Inhalte entstehen. Zum Teil schreibe [&hellip;]<\/p>\n","protected":false},"author":3,"featured_media":0,"parent":0,"menu_order":0,"comment_status":"closed","ping_status":"closed","template":"","meta":[],"page_tag":[],"aioseo_notices":[],"_links":{"self":[{"href":"https:\/\/chinesische-medizin-koeln.de\/Gesundheitstipps\/wp-json\/wp\/v2\/pages\/327"}],"collection":[{"href":"https:\/\/chinesische-medizin-koeln.de\/Gesundheitstipps\/wp-json\/wp\/v2\/pages"}],"about":[{"href":"https:\/\/chinesische-medizin-koeln.de\/Gesundheitstipps\/wp-json\/wp\/v2\/types\/page"}],"author":[{"embeddable":true,"href":"https:\/\/chinesische-medizin-koeln.de\/Gesundheitstipps\/wp-json\/wp\/v2\/users\/3"}],"replies":[{"embeddable":true,"href":"https:\/\/chinesische-medizin-koeln.de\/Gesundheitstipps\/wp-json\/wp\/v2\/comments?post=327"}],"version-history":[{"count":6,"href":"https:\/\/chinesische-medizin-koeln.de\/Gesundheitstipps\/wp-json\/wp\/v2\/pages\/327\/revisions"}],"predecessor-version":[{"id":595,"href":"https:\/\/chinesische-medizin-koeln.de\/Gesundheitstipps\/wp-json\/wp\/v2\/pages\/327\/revisions\/595"}],"wp:attachment":[{"href":"https:\/\/chinesische-medizin-koeln.de\/Gesundheitstipps\/wp-json\/wp\/v2\/media?parent=327"}],"wp:term":[{"taxonomy":"page_tag","embeddable":true,"href":"https:\/\/chinesische-medizin-koeln.de\/Gesundheitstipps\/wp-json\/wp\/v2\/page_tag?post=327"}],"curies":[{"name":"wp","href":"https:\/\/api.w.org\/{rel}","templated":true}]}}