{"id":321,"date":"2018-01-24T19:11:23","date_gmt":"2018-01-24T18:11:23","guid":{"rendered":"http:\/\/chinesische-medizin-koeln.de\/blog\/?page_id=321"},"modified":"2023-04-04T13:37:22","modified_gmt":"2023-04-04T11:37:22","slug":"impressum","status":"publish","type":"page","link":"https:\/\/chinesische-medizin-koeln.de\/Gesundheitstipps\/impressum\/","title":{"rendered":"Impressum"},"content":{"rendered":"<h4>Angaben gem\u00e4\u00df \u00a7 5 TMG:<\/h4>\n<p>Dr. med. Nicola Winckler-Schumann<br \/>\n\u00c4rztin<br \/>\nGoltsteinstra\u00dfe 91<br \/>\n50968 K\u00f6ln<\/p>\n<h4>Kontakt:<\/h4>\n<p>Telefon: 0221 48 48 355<br \/>\nTelefax: 0221 39 78 565<br \/>\nE-Mail: blog@chinesische-medizin-koeln.de<\/p>\n<h4>Aufsichtsbeh\u00f6rde:<\/h4>\n<p>Ministerium f\u00fcr Arbeit, Gesundheit und Soziales des Landes Nordrhein-Westfalen, \u00c4rztekammer<br \/>\nF\u00fcrstenwall 25<br \/>\n40219 D\u00fcsseldorf<\/p>\n<p><a title=\"Zur Webseite mags.nrw\" href=\"https:\/\/www.mags.nrw\/\" target=\"_blank\" rel=\"noopener noreferrer\">www.mags.nrw<\/a><\/p>\n<h4>Berufsbezeichnung und berufsrechtliche Regelungen<\/h4>\n<p>Berufsbezeichnung: \u00c4rztin<br \/>\nZust\u00e4ndige Kammer: Ministerium f\u00fcr Arbeit, Gesundheit und Soziales des Landes Nordrhein-Westfalen, \u00c4rztekammer, F\u00fcrstenwall 25, 40219 D\u00fcsseldorf<br \/>\nVerliehen durch: Deutschland<br \/>\nEs gelten folgende berufsrechtliche Regelungen: Berufsordnung und Heilberufsgesetz der \u00c4rztekammer Nordrhein<br \/>\nRegelungen einsehbar unter: <a title=\"Zur Webseite aekno.de\" href=\"https:\/\/www.aekno.de\/\" target=\"_blank\" rel=\"noopener noreferrer\">www.aekno.de<\/a><\/p>\n<h4>Angaben zur Berufshaftpflichtversicherung<\/h4>\n<p>Name und Sitz des Versicherers:<br \/>\nHDI Versicherung AG<br \/>\nHDI-Platz 1<br \/>\n30659 Hannover<\/p>\n<p>Geltungsraum der Versicherung:\u00a0Europa<\/p>\n<h4>Verantwortlich f\u00fcr den Inhalt nach \u00a7 55 Abs. 2 RStV:<\/h4>\n<p>Dr. med. Nicola Winckler-Schumann<br \/>\nGoltsteinstra\u00dfe 91<br \/>\n50968 K\u00f6ln<\/p>\n<h4>Streitschlichtung<\/h4>\n<p>Wir nehmen an einem Streitbeilegungsverfahren vor einer Verbraucherschlichtungsstelle teil. Die zust\u00e4ndige Verbraucherschlichtungsstelle ist:<\/p>\n<p>Bundes\u00e4rztekammer<br \/>\nArbeitsgemeinschaft der deutschen \u00c4rztekammern<br \/>\nHerbert-Lewin-Platz 1 (Wegelystra\u00dfe)<br \/>\n10623 Berlin<\/p>\n<p><a title=\"Zur Webseite bundesaerztekammer.de\" href=\"http:\/\/www.bundesaerztekammer.de\/Patienten\/Gutachterkommissionen-Schlichtungsstellen\/\" target=\"_blank\" rel=\"noopener noreferrer\">www.bundesaerztekammer.de<\/a><\/p>\n<h4>Haftung f\u00fcr Inhalte<\/h4>\n<p>Als Diensteanbieter sind wir gem\u00e4\u00df \u00a7 7 Abs.1 TMG f\u00fcr eigene Inhalte auf diesen Seiten nach den allgemeinen Gesetzen verantwortlich. Nach \u00a7\u00a7 8 bis 10 TMG sind wir als Diensteanbieter jedoch nicht verpflichtet, \u00fcbermittelte oder gespeicherte fremde Informationen zu \u00fcberwachen oder nach Umst\u00e4nden zu forschen, die auf eine rechtswidrige T\u00e4tigkeit hinweisen.<\/p>\n<p>Verpflichtungen zur Entfernung oder Sperrung der Nutzung von Informationen nach den allgemeinen Gesetzen bleiben hiervon unber\u00fchrt. Eine diesbez\u00fcgliche Haftung ist jedoch erst ab dem Zeitpunkt der Kenntnis einer konkreten Rechtsverletzung m\u00f6glich. Bei Bekanntwerden von entsprechenden Rechtsverletzungen werden wir diese Inhalte umgehend entfernen.<\/p>\n<h4>Haftung f\u00fcr Links<\/h4>\n<p>Unser Angebot enth\u00e4lt Links zu externen Webseiten Dritter, auf deren Inhalte wir keinen Einfluss haben. Deshalb k\u00f6nnen wir f\u00fcr diese fremden Inhalte auch keine Gew\u00e4hr \u00fcbernehmen. F\u00fcr die Inhalte der verlinkten Seiten ist stets der jeweilige Anbieter oder Betreiber der Seiten verantwortlich. Die verlinkten Seiten wurden zum Zeitpunkt der Verlinkung auf m\u00f6gliche Rechtsverst\u00f6\u00dfe \u00fcberpr\u00fcft. Rechtswidrige Inhalte waren zum Zeitpunkt der Verlinkung nicht erkennbar.<\/p>\n<p>Eine permanente inhaltliche Kontrolle der verlinkten Seiten ist jedoch ohne konkrete Anhaltspunkte einer Rechtsverletzung nicht zumutbar. Bei Bekanntwerden von Rechtsverletzungen werden wir derartige Links umgehend entfernen.<\/p>\n<h4>Urheberrecht<\/h4>\n<p>Die durch die Seitenbetreiber erstellten Inhalte und Werke auf diesen Seiten unterliegen dem deutschen Urheberrecht. Die Vervielf\u00e4ltigung, Bearbeitung, Verbreitung und jede Art der Verwertung au\u00dferhalb der Grenzen des Urheberrechtes bed\u00fcrfen der schriftlichen Zustimmung des jeweiligen Autors bzw. Erstellers. Downloads und Kopien dieser Seite sind nur f\u00fcr den privaten, nicht kommerziellen Gebrauch gestattet.<\/p>\n<p>Soweit die Inhalte auf dieser Seite nicht vom Betreiber erstellt wurden, werden die Urheberrechte Dritter beachtet. Insbesondere werden Inhalte Dritter als solche gekennzeichnet. Sollten Sie trotzdem auf eine Urheberrechtsverletzung aufmerksam werden, bitten wir um einen entsprechenden Hinweis. Bei Bekanntwerden von Rechtsverletzungen werden wir derartige Inhalte umgehend entfernen.<\/p>\n<h4>Consultation, Design &amp; Digital Media Support<\/h4>\n<p>DieEinheit\u00ad\u00ae<br \/>\n<span class=\"note\">eine Marke von<\/span><br \/>\nVerhey Dre\u00dfler Unternehmensberater f\u00fcr Kommunikation PartG<br \/>\nKarolingerring 25, 50678 K\u00f6ln<br \/>\n<a title=\"\" href=\"http:\/\/www.DieEinheit.de\" target=\"_blank\" rel=\"noopener noreferrer\">www.DieEinheit.de<\/a><\/p>\n<h4>Corporate Design der Praxisseite<\/h4>\n<p>plankundplank design, K\u00f6ln<br \/>\n<a title=\"\" href=\"http:\/\/www.plankundplank.de\" target=\"_blank\" rel=\"noopener noreferrer\">www.plankundplank.de<\/a><\/p>\n<h4>Fotos<\/h4>\n<p>Bernd Lehnert (Personenfotos)<br \/>\nFotolia (Alternative Medizin, Impressum \/ linkes Bild: Willkommensseite, Vita, Team)<br \/>\n\u00a9 elenabsl \u2013 stock.adobe.com (Kategorie: Orthomolekulare Medizin)<br \/>\nFoto von <a href=\"https:\/\/unsplash.com\/@elisa_ventur?utm_source=unsplash&amp;utm_medium=referral&amp;utm_content=creditCopyText\">Elisa Ventur<\/a> auf <a href=\"https:\/\/unsplash.com\/de\/fotos\/bmJAXAz6ads?utm_source=unsplash&amp;utm_medium=referral&amp;utm_content=creditCopyText\">Unsplash<\/a><\/p>\n","protected":false},"excerpt":{"rendered":"<p>Angaben gem\u00e4\u00df \u00a7 5 TMG: Dr. med. Nicola Winckler-Schumann \u00c4rztin Goltsteinstra\u00dfe 91 50968 K\u00f6ln Kontakt: Telefon: 0221 48 48 355 Telefax: 0221 39 78 565 E-Mail: blog@chinesische-medizin-koeln.de Aufsichtsbeh\u00f6rde: Ministerium f\u00fcr Arbeit, Gesundheit und Soziales des Landes Nordrhein-Westfalen, \u00c4rztekammer F\u00fcrstenwall 25 40219 D\u00fcsseldorf www.mags.nrw Berufsbezeichnung und berufsrechtliche Regelungen Berufsbezeichnung: \u00c4rztin Zust\u00e4ndige Kammer: Ministerium f\u00fcr Arbeit, Gesundheit [&hellip;]<\/p>\n","protected":false},"author":3,"featured_media":0,"parent":0,"menu_order":0,"comment_status":"closed","ping_status":"closed","template":"","meta":[],"page_tag":[],"aioseo_notices":[],"_links":{"self":[{"href":"https:\/\/chinesische-medizin-koeln.de\/Gesundheitstipps\/wp-json\/wp\/v2\/pages\/321"}],"collection":[{"href":"https:\/\/chinesische-medizin-koeln.de\/Gesundheitstipps\/wp-json\/wp\/v2\/pages"}],"about":[{"href":"https:\/\/chinesische-medizin-koeln.de\/Gesundheitstipps\/wp-json\/wp\/v2\/types\/page"}],"author":[{"embeddable":true,"href":"https:\/\/chinesische-medizin-koeln.de\/Gesundheitstipps\/wp-json\/wp\/v2\/users\/3"}],"replies":[{"embeddable":true,"href":"https:\/\/chinesische-medizin-koeln.de\/Gesundheitstipps\/wp-json\/wp\/v2\/comments?post=321"}],"version-history":[{"count":13,"href":"https:\/\/chinesische-medizin-koeln.de\/Gesundheitstipps\/wp-json\/wp\/v2\/pages\/321\/revisions"}],"predecessor-version":[{"id":607,"href":"https:\/\/chinesische-medizin-koeln.de\/Gesundheitstipps\/wp-json\/wp\/v2\/pages\/321\/revisions\/607"}],"wp:attachment":[{"href":"https:\/\/chinesische-medizin-koeln.de\/Gesundheitstipps\/wp-json\/wp\/v2\/media?parent=321"}],"wp:term":[{"taxonomy":"page_tag","embeddable":true,"href":"https:\/\/chinesische-medizin-koeln.de\/Gesundheitstipps\/wp-json\/wp\/v2\/page_tag?post=321"}],"curies":[{"name":"wp","href":"https:\/\/api.w.org\/{rel}","templated":true}]}}