{"id":163,"date":"2018-01-05T20:55:50","date_gmt":"2018-01-05T19:55:50","guid":{"rendered":"http:\/\/chinesische-medizin-koeln.de\/blog\/?page_id=163"},"modified":"2022-09-26T17:57:54","modified_gmt":"2022-09-26T15:57:54","slug":"kontakt","status":"publish","type":"page","link":"https:\/\/chinesische-medizin-koeln.de\/Gesundheitstipps\/kontakt\/","title":{"rendered":"Kontakt"},"content":{"rendered":"<p>Dr. med. Nicola Winckler-Schumann<br \/>\nGoltsteinstra\u00dfe 91<br \/>\n50968 K\u00f6ln<br \/>\nTelefon 0221 48 48 355<br \/>\nTelefax 0221 39 78 565<br \/>\npraxis@schumann-winckler-schumann.de<\/p>\n<h3>Sprechzeiten nach Vereinbarung<\/h3>\n<p>Haben Sie\/habt ihr Interesse an der chinesischen Medizin, erfolgt zun\u00e4chst ein kostenloses Informationsgespr\u00e4ch mit der \u00c4rztin. Es wird abgesch\u00e4tzt, ob chinesische Medizin bei Ihrer\/eurer Problematik erfolgversprechend ist und Fragen zum Ablauf und zu den Kosten werden beantwortet.<\/p>\n<p>Bei beidseitigem Einverst\u00e4ndnis wird dann ein Termin zur Erstanamnese (ausf\u00fchrliches Aufnahmegespr\u00e4ch, Zungen- und Pulsdiagnostik) vereinbart.<\/p>\n<p><a title=\"Zur Praxisseite\" href=\"http:\/\/chinesische-medizin-koeln.de\/\" target=\"_blank\" rel=\"noopener noreferrer\"><i class=\"fa fa-external-link \" ><\/i> Zur Praxisseite<\/a><\/p>\n","protected":false},"excerpt":{"rendered":"<p>Dr. med. Nicola Winckler-Schumann Goltsteinstra\u00dfe 91 50968 K\u00f6ln Telefon 0221 48 48 355 Telefax 0221 39 78 565 praxis@schumann-winckler-schumann.de Sprechzeiten nach Vereinbarung Haben Sie\/habt ihr Interesse an der chinesischen Medizin, erfolgt zun\u00e4chst ein kostenloses Informationsgespr\u00e4ch mit der \u00c4rztin. Es wird abgesch\u00e4tzt, ob chinesische Medizin bei Ihrer\/eurer Problematik erfolgversprechend ist und Fragen zum Ablauf und zu [&hellip;]<\/p>\n","protected":false},"author":3,"featured_media":0,"parent":0,"menu_order":0,"comment_status":"closed","ping_status":"closed","template":"","meta":[],"page_tag":[],"aioseo_notices":[],"_links":{"self":[{"href":"https:\/\/chinesische-medizin-koeln.de\/Gesundheitstipps\/wp-json\/wp\/v2\/pages\/163"}],"collection":[{"href":"https:\/\/chinesische-medizin-koeln.de\/Gesundheitstipps\/wp-json\/wp\/v2\/pages"}],"about":[{"href":"https:\/\/chinesische-medizin-koeln.de\/Gesundheitstipps\/wp-json\/wp\/v2\/types\/page"}],"author":[{"embeddable":true,"href":"https:\/\/chinesische-medizin-koeln.de\/Gesundheitstipps\/wp-json\/wp\/v2\/users\/3"}],"replies":[{"embeddable":true,"href":"https:\/\/chinesische-medizin-koeln.de\/Gesundheitstipps\/wp-json\/wp\/v2\/comments?post=163"}],"version-history":[{"count":4,"href":"https:\/\/chinesische-medizin-koeln.de\/Gesundheitstipps\/wp-json\/wp\/v2\/pages\/163\/revisions"}],"predecessor-version":[{"id":597,"href":"https:\/\/chinesische-medizin-koeln.de\/Gesundheitstipps\/wp-json\/wp\/v2\/pages\/163\/revisions\/597"}],"wp:attachment":[{"href":"https:\/\/chinesische-medizin-koeln.de\/Gesundheitstipps\/wp-json\/wp\/v2\/media?parent=163"}],"wp:term":[{"taxonomy":"page_tag","embeddable":true,"href":"https:\/\/chinesische-medizin-koeln.de\/Gesundheitstipps\/wp-json\/wp\/v2\/page_tag?post=163"}],"curies":[{"name":"wp","href":"https:\/\/api.w.org\/{rel}","templated":true}]}}